{"id":3142,"date":"2025-09-29T19:46:51","date_gmt":"2025-09-30T01:46:51","guid":{"rendered":"https:\/\/bjtechenergy.com\/?page_id=3142"},"modified":"2025-09-30T00:55:43","modified_gmt":"2025-09-30T06:55:43","slug":"renewable-energy","status":"publish","type":"page","link":"https:\/\/bjtechenergy.com\/es\/renewable-energy\/","title":{"rendered":"Energ\u00eda Renovable"},"content":{"rendered":"<div data-elementor-type=\"wp-page\" data-elementor-id=\"3142\" class=\"elementor elementor-3142\" data-elementor-post-type=\"page\">\n\t\t\t\t<div class=\"elementor-element elementor-element-c564f54 e-con-full e-flex e-con e-parent\" data-id=\"c564f54\" data-element_type=\"container\" data-e-type=\"container\" data-settings=\"{&quot;background_background&quot;:&quot;classic&quot;}\">\n\t\t\t\t<div class=\"elementor-element elementor-element-16d141c elementor-invisible elementor-widget elementor-widget-heading\" data-id=\"16d141c\" data-element_type=\"widget\" data-e-type=\"widget\" data-settings=\"{&quot;_animation&quot;:&quot;fadeIn&quot;}\" data-widget_type=\"heading.default\">\n\t\t\t\t\t<h1 class=\"elementor-heading-title elementor-size-default\">Energ\u00eda Renovable<\/h1>\t\t\t\t<\/div>\n\t\t\t\t<\/div>\n\t\t<div class=\"elementor-element elementor-element-828243e e-con-full e-flex e-con e-parent\" data-id=\"828243e\" data-element_type=\"container\" data-e-type=\"container\">\n\t\t<div class=\"elementor-element elementor-element-8375246 e-con-full e-flex e-con e-child\" data-id=\"8375246\" data-element_type=\"container\" data-e-type=\"container\" data-settings=\"{&quot;background_background&quot;:&quot;classic&quot;}\">\n\t\t\t\t<\/div>\n\t\t<div class=\"elementor-element elementor-element-f4ba19e e-con-full e-flex e-con e-child\" data-id=\"f4ba19e\" data-element_type=\"container\" data-e-type=\"container\" data-settings=\"{&quot;background_background&quot;:&quot;classic&quot;}\">\n\t\t\t\t<div class=\"elementor-element elementor-element-cb4ff77 elementor-widget-tablet__width-initial elementor-widget elementor-widget-heading\" data-id=\"cb4ff77\" data-element_type=\"widget\" data-e-type=\"widget\" data-widget_type=\"heading.default\">\n\t\t\t\t\t<h2 class=\"elementor-heading-title elementor-size-default\">Evaluaci\u00f3n y Dise\u00f1o de Proyectos de Energ\u00eda Renovable.<\/h2>\t\t\t\t<\/div>\n\t\t\t\t<div class=\"elementor-element elementor-element-5d8696c elementor-widget-divider--view-line elementor-widget elementor-widget-divider\" data-id=\"5d8696c\" data-element_type=\"widget\" data-e-type=\"widget\" data-widget_type=\"divider.default\">\n\t\t\t\t\t\t\t<div class=\"elementor-divider\">\n\t\t\t<span class=\"elementor-divider-separator\">\n\t\t\t\t\t\t<\/span>\n\t\t<\/div>\n\t\t\t\t\t\t<\/div>\n\t\t\t\t<div class=\"elementor-element elementor-element-629b8f6 elementor-widget elementor-widget-text-editor\" data-id=\"629b8f6\" data-element_type=\"widget\" data-e-type=\"widget\" data-widget_type=\"text-editor.default\">\n\t\t\t\t\t\t\t\t\t<p>Evaluaciones integrales de recursos, incluyendo los potenciales de energ\u00eda solar, e\u00f3lica, hidroel\u00e9ctrica y de biomasa.<\/p>\t\t\t\t\t\t\t\t<\/div>\n\t\t\t\t<div class=\"elementor-element elementor-element-f879fd4 elementor-align-left elementor-tablet-align-center elementor-widget elementor-widget-button\" data-id=\"f879fd4\" data-element_type=\"widget\" data-e-type=\"widget\" data-widget_type=\"button.default\">\n\t\t\t\t\t\t\t\t\t\t<a class=\"elementor-button elementor-button-link elementor-size-sm\" href=\"#\">\n\t\t\t\t\t\t<span class=\"elementor-button-content-wrapper\">\n\t\t\t\t\t\t\t\t\t<span class=\"elementor-button-text\">Cont\u00e1ctanos<\/span>\n\t\t\t\t\t<\/span>\n\t\t\t\t\t<\/a>\n\t\t\t\t\t\t\t\t<\/div>\n\t\t\t\t<\/div>\n\t\t\t\t<\/div>\n\t\t<div class=\"elementor-element elementor-element-272cd88 e-con-full e-flex e-con e-parent\" data-id=\"272cd88\" data-element_type=\"container\" data-e-type=\"container\">\n\t\t<div class=\"elementor-element elementor-element-4009e16 e-con-full e-flex e-con e-child\" data-id=\"4009e16\" data-element_type=\"container\" data-e-type=\"container\" data-settings=\"{&quot;background_background&quot;:&quot;classic&quot;}\">\n\t\t<div class=\"elementor-element elementor-element-e3c8870 e-con-full e-flex e-con e-child\" data-id=\"e3c8870\" data-element_type=\"container\" data-e-type=\"container\">\n\t\t\t\t<div class=\"elementor-element elementor-element-23cfcb0 elementor-widget-tablet__width-initial elementor-widget elementor-widget-heading\" data-id=\"23cfcb0\" data-element_type=\"widget\" data-e-type=\"widget\" data-widget_type=\"heading.default\">\n\t\t\t\t\t<h2 class=\"elementor-heading-title elementor-size-default\">Implementaci\u00f3n y Mantenimiento de Infraestructura Renovable.<\/h2>\t\t\t\t<\/div>\n\t\t\t\t<div class=\"elementor-element elementor-element-cfcd241 elementor-widget-divider--view-line elementor-widget elementor-widget-divider\" data-id=\"cfcd241\" data-element_type=\"widget\" data-e-type=\"widget\" data-widget_type=\"divider.default\">\n\t\t\t\t\t\t\t<div class=\"elementor-divider\">\n\t\t\t<span class=\"elementor-divider-separator\">\n\t\t\t\t\t\t<\/span>\n\t\t<\/div>\n\t\t\t\t\t\t<\/div>\n\t\t\t\t<div class=\"elementor-element elementor-element-cec7c24 elementor-widget elementor-widget-text-editor\" data-id=\"cec7c24\" data-element_type=\"widget\" data-e-type=\"widget\" data-widget_type=\"text-editor.default\">\n\t\t\t\t\t\t\t\t\t<p>Instalaci\u00f3n experta y mantenimiento de parques solares, aerogeneradores y sistemas h\u00edbridos, con soluciones avanzadas de monitoreo y control inteligente.<\/p>\t\t\t\t\t\t\t\t<\/div>\n\t\t\t\t<div class=\"elementor-element elementor-element-727db6e elementor-align-right elementor-tablet-align-center elementor-widget elementor-widget-button\" data-id=\"727db6e\" data-element_type=\"widget\" data-e-type=\"widget\" data-widget_type=\"button.default\">\n\t\t\t\t\t\t\t\t\t\t<a class=\"elementor-button elementor-button-link elementor-size-sm\" href=\"#\">\n\t\t\t\t\t\t<span class=\"elementor-button-content-wrapper\">\n\t\t\t\t\t\t\t\t\t<span class=\"elementor-button-text\">Cont\u00e1ctanos<\/span>\n\t\t\t\t\t<\/span>\n\t\t\t\t\t<\/a>\n\t\t\t\t\t\t\t\t<\/div>\n\t\t\t\t<\/div>\n\t\t\t\t<\/div>\n\t\t<div class=\"elementor-element elementor-element-4f25afe e-con-full e-flex e-con e-child\" data-id=\"4f25afe\" data-element_type=\"container\" data-e-type=\"container\" data-settings=\"{&quot;background_background&quot;:&quot;classic&quot;}\">\n\t\t\t\t<\/div>\n\t\t\t\t<\/div>\n\t\t<div class=\"elementor-element elementor-element-3721c2b e-con-full e-flex e-con e-parent\" data-id=\"3721c2b\" data-element_type=\"container\" data-e-type=\"container\">\n\t\t<div class=\"elementor-element elementor-element-84b09e2 e-con-full e-flex e-con e-child\" data-id=\"84b09e2\" data-element_type=\"container\" data-e-type=\"container\" data-settings=\"{&quot;background_background&quot;:&quot;classic&quot;}\">\n\t\t\t\t<\/div>\n\t\t<div class=\"elementor-element elementor-element-5bb531d e-con-full e-flex e-con e-child\" data-id=\"5bb531d\" data-element_type=\"container\" data-e-type=\"container\" data-settings=\"{&quot;background_background&quot;:&quot;classic&quot;}\">\n\t\t\t\t<div class=\"elementor-element elementor-element-86a4b6b elementor-widget-tablet__width-initial elementor-widget elementor-widget-heading\" data-id=\"86a4b6b\" data-element_type=\"widget\" data-e-type=\"widget\" data-widget_type=\"heading.default\">\n\t\t\t\t\t<h2 class=\"elementor-heading-title elementor-size-default\">Soluciones Tecnol\u00f3gicas Avanzadas para Energ\u00eda Limpia.<\/h2>\t\t\t\t<\/div>\n\t\t\t\t<div class=\"elementor-element elementor-element-24634ff elementor-widget-divider--view-line elementor-widget elementor-widget-divider\" data-id=\"24634ff\" data-element_type=\"widget\" data-e-type=\"widget\" data-widget_type=\"divider.default\">\n\t\t\t\t\t\t\t<div class=\"elementor-divider\">\n\t\t\t<span class=\"elementor-divider-separator\">\n\t\t\t\t\t\t<\/span>\n\t\t<\/div>\n\t\t\t\t\t\t<\/div>\n\t\t\t\t<div class=\"elementor-element elementor-element-55fedbe elementor-widget elementor-widget-text-editor\" data-id=\"55fedbe\" data-element_type=\"widget\" data-e-type=\"widget\" data-widget_type=\"text-editor.default\">\n\t\t\t\t\t\t\t\t\t<p>Sistemas de almacenamiento de energ\u00eda de vanguardia, plataformas de gesti\u00f3n de microredes y proyectos pioneros de producci\u00f3n de hidr\u00f3geno verde y tecnolog\u00edas de captura de carbono.<\/p>\t\t\t\t\t\t\t\t<\/div>\n\t\t\t\t<div class=\"elementor-element elementor-element-b5ff938 elementor-align-left elementor-tablet-align-center elementor-widget elementor-widget-button\" data-id=\"b5ff938\" data-element_type=\"widget\" data-e-type=\"widget\" data-widget_type=\"button.default\">\n\t\t\t\t\t\t\t\t\t\t<a class=\"elementor-button elementor-button-link elementor-size-sm\" href=\"#\">\n\t\t\t\t\t\t<span class=\"elementor-button-content-wrapper\">\n\t\t\t\t\t\t\t\t\t<span class=\"elementor-button-text\">Cont\u00e1ctanos<\/span>\n\t\t\t\t\t<\/span>\n\t\t\t\t\t<\/a>\n\t\t\t\t\t\t\t\t<\/div>\n\t\t\t\t<\/div>\n\t\t\t\t<\/div>\n\t\t<div class=\"elementor-element elementor-element-f8c6153 e-con-full e-flex e-con e-parent\" data-id=\"f8c6153\" data-element_type=\"container\" data-e-type=\"container\">\n\t\t<div class=\"elementor-element elementor-element-9da8c2c e-con-full e-flex e-con e-child\" data-id=\"9da8c2c\" data-element_type=\"container\" data-e-type=\"container\" data-settings=\"{&quot;background_background&quot;:&quot;classic&quot;}\">\n\t\t<div class=\"elementor-element elementor-element-4ab60c5 e-con-full e-flex e-con e-child\" data-id=\"4ab60c5\" data-element_type=\"container\" data-e-type=\"container\">\n\t\t\t\t<div class=\"elementor-element elementor-element-93d9c4d elementor-widget-tablet__width-initial elementor-widget elementor-widget-heading\" data-id=\"93d9c4d\" data-element_type=\"widget\" data-e-type=\"widget\" data-widget_type=\"heading.default\">\n\t\t\t\t\t<h2 class=\"elementor-heading-title elementor-size-default\">Estrategias Innovadoras de Transici\u00f3n Energ\u00e9tica.<\/h2>\t\t\t\t<\/div>\n\t\t\t\t<div class=\"elementor-element elementor-element-9376bde elementor-widget-divider--view-line elementor-widget elementor-widget-divider\" data-id=\"9376bde\" data-element_type=\"widget\" data-e-type=\"widget\" data-widget_type=\"divider.default\">\n\t\t\t\t\t\t\t<div class=\"elementor-divider\">\n\t\t\t<span class=\"elementor-divider-separator\">\n\t\t\t\t\t\t<\/span>\n\t\t<\/div>\n\t\t\t\t\t\t<\/div>\n\t\t\t\t<div class=\"elementor-element elementor-element-359d4a6 elementor-widget elementor-widget-text-editor\" data-id=\"359d4a6\" data-element_type=\"widget\" data-e-type=\"widget\" data-widget_type=\"text-editor.default\">\n\t\t\t\t\t\t\t\t\t<p>Integraci\u00f3n fluida de tecnolog\u00edas de eficiencia energ\u00e9tica, sistemas de gesti\u00f3n inteligente y optimizaci\u00f3n de recursos para una transformaci\u00f3n energ\u00e9tica sostenible.<\/p>\t\t\t\t\t\t\t\t<\/div>\n\t\t\t\t<div class=\"elementor-element elementor-element-a5d7e80 elementor-align-right elementor-tablet-align-center elementor-widget elementor-widget-button\" data-id=\"a5d7e80\" data-element_type=\"widget\" data-e-type=\"widget\" data-widget_type=\"button.default\">\n\t\t\t\t\t\t\t\t\t\t<a class=\"elementor-button elementor-button-link elementor-size-sm\" href=\"#\">\n\t\t\t\t\t\t<span class=\"elementor-button-content-wrapper\">\n\t\t\t\t\t\t\t\t\t<span class=\"elementor-button-text\">Cont\u00e1ctanos<\/span>\n\t\t\t\t\t<\/span>\n\t\t\t\t\t<\/a>\n\t\t\t\t\t\t\t\t<\/div>\n\t\t\t\t<\/div>\n\t\t\t\t<\/div>\n\t\t<div class=\"elementor-element elementor-element-cdee70b e-con-full e-flex e-con e-child\" data-id=\"cdee70b\" data-element_type=\"container\" data-e-type=\"container\" data-settings=\"{&quot;background_background&quot;:&quot;classic&quot;}\">\n\t\t\t\t<\/div>\n\t\t\t\t<\/div>\n\t\t\t\t<\/div>","protected":false},"excerpt":{"rendered":"<p>Renewable Energy Renewable Energy Project Assessment and Design Comprehensive resource evaluations including solar, wind, hydroelectric, and biomass energy potentials. Contact Us Renewable Infrastructure Implementation and Maintenance Expert installation and upkeep of solar farms, wind turbines, and hybrid energy systems, featuring advanced smart monitoring and control solutions. Contact Us Advanced Technological Solutions for Clean Energy Cutting-edge [&hellip;]<\/p>","protected":false},"author":1,"featured_media":0,"parent":0,"menu_order":0,"comment_status":"closed","ping_status":"closed","template":"","meta":{"footnotes":""},"class_list":["post-3142","page","type-page","status-publish","hentry"],"_hostinger_reach_plugin_has_subscription_block":false,"_hostinger_reach_plugin_is_elementor":false,"_links":{"self":[{"href":"https:\/\/bjtechenergy.com\/es\/wp-json\/wp\/v2\/pages\/3142","targetHints":{"allow":["GET"]}}],"collection":[{"href":"https:\/\/bjtechenergy.com\/es\/wp-json\/wp\/v2\/pages"}],"about":[{"href":"https:\/\/bjtechenergy.com\/es\/wp-json\/wp\/v2\/types\/page"}],"author":[{"embeddable":true,"href":"https:\/\/bjtechenergy.com\/es\/wp-json\/wp\/v2\/users\/1"}],"replies":[{"embeddable":true,"href":"https:\/\/bjtechenergy.com\/es\/wp-json\/wp\/v2\/comments?post=3142"}],"version-history":[{"count":37,"href":"https:\/\/bjtechenergy.com\/es\/wp-json\/wp\/v2\/pages\/3142\/revisions"}],"predecessor-version":[{"id":3370,"href":"https:\/\/bjtechenergy.com\/es\/wp-json\/wp\/v2\/pages\/3142\/revisions\/3370"}],"wp:attachment":[{"href":"https:\/\/bjtechenergy.com\/es\/wp-json\/wp\/v2\/media?parent=3142"}],"curies":[{"name":"wp","href":"https:\/\/api.w.org\/{rel}","templated":true}]}}