{"id":1886,"date":"2025-09-22T16:12:53","date_gmt":"2025-09-22T22:12:53","guid":{"rendered":"https:\/\/bjtechenergy.com\/?page_id=1886"},"modified":"2025-09-30T01:18:41","modified_gmt":"2025-09-30T07:18:41","slug":"pumping-pressure-control","status":"publish","type":"page","link":"https:\/\/bjtechenergy.com\/es\/pumping-pressure-control\/","title":{"rendered":"Bombeo y Control de Presi\u00f3n"},"content":{"rendered":"<div data-elementor-type=\"wp-page\" data-elementor-id=\"1886\" class=\"elementor elementor-1886\" data-elementor-post-type=\"page\">\n\t\t\t\t<div class=\"elementor-element elementor-element-6d0c774 e-con-full e-flex e-con e-parent\" data-id=\"6d0c774\" data-element_type=\"container\" data-e-type=\"container\" data-settings=\"{&quot;background_background&quot;:&quot;classic&quot;}\">\n\t\t\t\t<div class=\"elementor-element elementor-element-02ab01c elementor-widget elementor-widget-heading\" data-id=\"02ab01c\" data-element_type=\"widget\" data-e-type=\"widget\" data-widget_type=\"heading.default\">\n\t\t\t\t\t<h1 class=\"elementor-heading-title elementor-size-default\">Bombeo y Control de Presi\u00f3n<\/h1>\t\t\t\t<\/div>\n\t\t\t\t<\/div>\n\t\t<div class=\"elementor-element elementor-element-f92ac31 e-flex e-con-boxed e-con e-parent\" data-id=\"f92ac31\" data-element_type=\"container\" data-e-type=\"container\">\n\t\t\t\t\t<div class=\"e-con-inner\">\n\t\t<div class=\"elementor-element elementor-element-3615421 e-con-full e-flex e-con e-child\" data-id=\"3615421\" data-element_type=\"container\" data-e-type=\"container\">\n\t\t<div class=\"elementor-element elementor-element-a522cad e-con-full e-flex e-con e-child\" data-id=\"a522cad\" data-element_type=\"container\" data-e-type=\"container\">\n\t\t<div class=\"elementor-element elementor-element-e785b2e e-con-full e-flex e-con e-child\" data-id=\"e785b2e\" data-element_type=\"container\" data-e-type=\"container\">\n\t\t\t\t<div class=\"elementor-element elementor-element-ca89651 elementor-widget elementor-widget-heading\" data-id=\"ca89651\" data-element_type=\"widget\" data-e-type=\"widget\" data-widget_type=\"heading.default\">\n\t\t\t\t\t<h2 class=\"elementor-heading-title elementor-size-default\">Situaci\u00f3n del Cliente<\/h2>\t\t\t\t<\/div>\n\t\t\t\t<div class=\"elementor-element elementor-element-8b9f714 elementor-widget-divider--view-line elementor-widget elementor-widget-divider\" data-id=\"8b9f714\" data-element_type=\"widget\" data-e-type=\"widget\" data-widget_type=\"divider.default\">\n\t\t\t\t\t\t\t<div class=\"elementor-divider\">\n\t\t\t<span class=\"elementor-divider-separator\">\n\t\t\t\t\t\t<\/span>\n\t\t<\/div>\n\t\t\t\t\t\t<\/div>\n\t\t\t\t<div class=\"elementor-element elementor-element-9c99ebb elementor-widget elementor-widget-text-editor\" data-id=\"9c99ebb\" data-element_type=\"widget\" data-e-type=\"widget\" data-widget_type=\"text-editor.default\">\n\t\t\t\t\t\t\t\t\t<p>Durante una operaci\u00f3n de workover en el Pozo Cerro Verde (TD: 2,850 m), el operador experiment\u00f3 picos de presi\u00f3n inesperados mientras circulaba un influjo de gas.<\/p><p>Presi\u00f3n en el cabezal: 1,450 psi (inestable).<br \/>Retornos en el anular: err\u00e1ticos, indicando deficiente control de presi\u00f3n.<br \/>Equipo existente: conjunto BOP de 10k envejecido y capacidad limitada del choke manifold.\nLa situaci\u00f3n implicaba alto riesgo de escalamiento del kick y de un incidente de control de pozo.<\/p>\t\t\t\t\t\t\t\t<\/div>\n\t\t\t\t<\/div>\n\t\t<div class=\"elementor-element elementor-element-e8ffd7f e-con-full e-flex e-con e-child\" data-id=\"e8ffd7f\" data-element_type=\"container\" data-e-type=\"container\">\n\t\t\t\t<div class=\"elementor-element elementor-element-6653362 elementor-widget elementor-widget-heading\" data-id=\"6653362\" data-element_type=\"widget\" data-e-type=\"widget\" data-widget_type=\"heading.default\">\n\t\t\t\t\t<h2 class=\"elementor-heading-title elementor-size-default\">Intervenci\u00f3n<\/h2>\t\t\t\t<\/div>\n\t\t\t\t<div class=\"elementor-element elementor-element-4f27538 elementor-widget-divider--view-line elementor-widget elementor-widget-divider\" data-id=\"4f27538\" data-element_type=\"widget\" data-e-type=\"widget\" data-widget_type=\"divider.default\">\n\t\t\t\t\t\t\t<div class=\"elementor-divider\">\n\t\t\t<span class=\"elementor-divider-separator\">\n\t\t\t\t\t\t<\/span>\n\t\t<\/div>\n\t\t\t\t\t\t<\/div>\n\t\t\t\t<div class=\"elementor-element elementor-element-f8e1dda elementor-widget elementor-widget-text-editor\" data-id=\"f8e1dda\" data-element_type=\"widget\" data-e-type=\"widget\" data-widget_type=\"text-editor.default\">\n\t\t\t\t\t\t\t\t\t<p>BJ despleg\u00f3 un paquete integrado de bombeo y control de presi\u00f3n superficial, que incluy\u00f3:<\/p><p>1. Unidades de bombeo de alta presi\u00f3n (clasificadas a 15k psi) para manejar la circulaci\u00f3n de lodo de control (kill mud).<br \/>2. Choke manifold actualizado y sistema de control remoto para una gesti\u00f3n precisa de la contrapresi\u00f3n.<br \/>3. Equipo de Perforaci\u00f3n con Presi\u00f3n Gestionada (MPD) instalado para estabilizar la presi\u00f3n en el anular.<br \/>4. Pruebas de presi\u00f3n continuas y certificaci\u00f3n del BOP y de las l\u00edneas de superficie antes de reanudar operaciones.<\/p>\t\t\t\t\t\t\t\t<\/div>\n\t\t\t\t<\/div>\n\t\t\t\t<\/div>\n\t\t<div class=\"elementor-element elementor-element-e3f388a e-con-full e-flex e-con e-child\" data-id=\"e3f388a\" data-element_type=\"container\" data-e-type=\"container\">\n\t\t<div class=\"elementor-element elementor-element-62a676f e-con-full e-flex e-con e-child\" data-id=\"62a676f\" data-element_type=\"container\" data-e-type=\"container\" data-settings=\"{&quot;background_background&quot;:&quot;classic&quot;}\">\n\t\t\t\t<\/div>\n\t\t\t\t<div class=\"elementor-element elementor-element-3a26397 elementor-align-center elementor-tablet-align-center elementor-widget elementor-widget-button\" data-id=\"3a26397\" data-element_type=\"widget\" data-e-type=\"widget\" data-settings=\"{&quot;_animation&quot;:&quot;none&quot;}\" data-widget_type=\"button.default\">\n\t\t\t\t\t\t\t\t\t\t<a class=\"elementor-button elementor-button-link elementor-size-sm\" href=\"https:\/\/bjtechenergy.com\/es\/contact-us\/\">\n\t\t\t\t\t\t<span class=\"elementor-button-content-wrapper\">\n\t\t\t\t\t\t\t\t\t<span class=\"elementor-button-text\">Cont\u00e1ctanos<\/span>\n\t\t\t\t\t<\/span>\n\t\t\t\t\t<\/a>\n\t\t\t\t\t\t\t\t<\/div>\n\t\t\t\t<\/div>\n\t\t\t\t<\/div>\n\t\t\t\t\t<\/div>\n\t\t\t\t<\/div>\n\t\t<div class=\"elementor-element elementor-element-759c59f e-flex e-con-boxed e-con e-parent\" data-id=\"759c59f\" data-element_type=\"container\" data-e-type=\"container\" data-settings=\"{&quot;background_background&quot;:&quot;classic&quot;}\">\n\t\t\t\t\t<div class=\"e-con-inner\">\n\t\t<div class=\"elementor-element elementor-element-0e35d49 e-con-full e-flex e-con e-child\" data-id=\"0e35d49\" data-element_type=\"container\" data-e-type=\"container\">\n\t\t\t\t<div class=\"elementor-element elementor-element-523b7e5 elementor-widget elementor-widget-heading\" data-id=\"523b7e5\" data-element_type=\"widget\" data-e-type=\"widget\" data-widget_type=\"heading.default\">\n\t\t\t\t\t<h2 class=\"elementor-heading-title elementor-size-default\">Resultados Obtenidos\n<\/h2>\t\t\t\t<\/div>\n\t\t<div class=\"elementor-element elementor-element-e8e5796 e-con-full e-flex e-con e-child\" data-id=\"e8e5796\" data-element_type=\"container\" data-e-type=\"container\">\n\t\t<div class=\"elementor-element elementor-element-4e9bdde e-con-full e-flex e-con e-child\" data-id=\"4e9bdde\" data-element_type=\"container\" data-e-type=\"container\" data-settings=\"{&quot;background_background&quot;:&quot;classic&quot;}\">\n\t\t\t\t<div class=\"elementor-element elementor-element-0640dd4 elementor-widget elementor-widget-heading\" data-id=\"0640dd4\" data-element_type=\"widget\" data-e-type=\"widget\" data-widget_type=\"heading.default\">\n\t\t\t\t\t<h3 class=\"elementor-heading-title elementor-size-default\">Pozo estabilizado en &lt;12 h con circulaci\u00f3n controlada.\n\n\n<\/h3>\t\t\t\t<\/div>\n\t\t\t\t<\/div>\n\t\t<div class=\"elementor-element elementor-element-d54fe33 e-con-full e-flex e-con e-child\" data-id=\"d54fe33\" data-element_type=\"container\" data-e-type=\"container\" data-settings=\"{&quot;background_background&quot;:&quot;classic&quot;}\">\n\t\t\t\t<div class=\"elementor-element elementor-element-b8c374d elementor-widget elementor-widget-heading\" data-id=\"b8c374d\" data-element_type=\"widget\" data-e-type=\"widget\" data-widget_type=\"heading.default\">\n\t\t\t\t\t<h3 class=\"elementor-heading-title elementor-size-default\">Presi\u00f3n en el cabezal reducida de 1,450 psi \u2192 450 psi de forma segura.\n\n\n<\/h3>\t\t\t\t<\/div>\n\t\t\t\t<\/div>\n\t\t<div class=\"elementor-element elementor-element-485baa4 e-con-full e-flex e-con e-child\" data-id=\"485baa4\" data-element_type=\"container\" data-e-type=\"container\" data-settings=\"{&quot;background_background&quot;:&quot;classic&quot;}\">\n\t\t\t\t<div class=\"elementor-element elementor-element-53c5cb4 elementor-widget elementor-widget-heading\" data-id=\"53c5cb4\" data-element_type=\"widget\" data-e-type=\"widget\" data-widget_type=\"heading.default\">\n\t\t\t\t\t<h3 class=\"elementor-heading-title elementor-size-default\">Sin influjo de formaci\u00f3n despu\u00e9s de la intervenci\u00f3n.<\/h3>\t\t\t\t<\/div>\n\t\t\t\t<\/div>\n\t\t<div class=\"elementor-element elementor-element-8177361 e-con-full e-flex e-con e-child\" data-id=\"8177361\" data-element_type=\"container\" data-e-type=\"container\" data-settings=\"{&quot;background_background&quot;:&quot;classic&quot;}\">\n\t\t\t\t<div class=\"elementor-element elementor-element-029ada0 elementor-widget elementor-widget-heading\" data-id=\"029ada0\" data-element_type=\"widget\" data-e-type=\"widget\" data-widget_type=\"heading.default\">\n\t\t\t\t\t<h3 class=\"elementor-heading-title elementor-size-default\">El operador evit\u00f3 un potencial evento de control de pozo y redujo el NPT en 3 d\u00edas.\n<\/h3>\t\t\t\t<\/div>\n\t\t\t\t<\/div>\n\t\t\t\t<\/div>\n\t\t<div class=\"elementor-element elementor-element-7b3dc6c e-con-full e-flex e-con e-child\" data-id=\"7b3dc6c\" data-element_type=\"container\" data-e-type=\"container\">\n\t\t<div class=\"elementor-element elementor-element-d81c1fe e-con-full e-flex e-con e-child\" data-id=\"d81c1fe\" data-element_type=\"container\" data-e-type=\"container\" data-settings=\"{&quot;background_background&quot;:&quot;classic&quot;}\">\n\t\t\t\t<\/div>\n\t\t<div class=\"elementor-element elementor-element-46800a1 e-con-full e-flex e-con e-child\" data-id=\"46800a1\" data-element_type=\"container\" data-e-type=\"container\" data-settings=\"{&quot;background_background&quot;:&quot;classic&quot;}\">\n\t\t\t\t<\/div>\n\t\t\t\t<\/div>\n\t\t\t\t<\/div>\n\t\t\t\t\t<\/div>\n\t\t\t\t<\/div>\n\t\t\t\t<\/div>","protected":false},"excerpt":{"rendered":"<p>Pumping &amp; Pressure Control Client Situation During a workover operation in Pozo Cerro Verde (TD: 2,850 m), the operator experienced unexpected pressure spikes while circulating out gas influx. Wellhead pressure: 1,450 psi (unstable).Annular returns: erratic, indicating poor pressure control.Existing equipment: aging 10k BOP stack, limited choke manifold capacity. The situation posed high risks of kick [&hellip;]<\/p>","protected":false},"author":1,"featured_media":0,"parent":0,"menu_order":0,"comment_status":"closed","ping_status":"closed","template":"","meta":{"footnotes":""},"class_list":["post-1886","page","type-page","status-publish","hentry"],"_hostinger_reach_plugin_has_subscription_block":false,"_hostinger_reach_plugin_is_elementor":false,"_links":{"self":[{"href":"https:\/\/bjtechenergy.com\/es\/wp-json\/wp\/v2\/pages\/1886","targetHints":{"allow":["GET"]}}],"collection":[{"href":"https:\/\/bjtechenergy.com\/es\/wp-json\/wp\/v2\/pages"}],"about":[{"href":"https:\/\/bjtechenergy.com\/es\/wp-json\/wp\/v2\/types\/page"}],"author":[{"embeddable":true,"href":"https:\/\/bjtechenergy.com\/es\/wp-json\/wp\/v2\/users\/1"}],"replies":[{"embeddable":true,"href":"https:\/\/bjtechenergy.com\/es\/wp-json\/wp\/v2\/comments?post=1886"}],"version-history":[{"count":25,"href":"https:\/\/bjtechenergy.com\/es\/wp-json\/wp\/v2\/pages\/1886\/revisions"}],"predecessor-version":[{"id":3377,"href":"https:\/\/bjtechenergy.com\/es\/wp-json\/wp\/v2\/pages\/1886\/revisions\/3377"}],"wp:attachment":[{"href":"https:\/\/bjtechenergy.com\/es\/wp-json\/wp\/v2\/media?parent=1886"}],"curies":[{"name":"wp","href":"https:\/\/api.w.org\/{rel}","templated":true}]}}