{"id":1884,"date":"2025-09-22T16:10:31","date_gmt":"2025-09-22T22:10:31","guid":{"rendered":"https:\/\/bjtechenergy.com\/?page_id=1884"},"modified":"2025-09-23T23:18:00","modified_gmt":"2025-09-24T05:18:00","slug":"well-a-17","status":"publish","type":"page","link":"https:\/\/bjtechenergy.com\/es\/well-a-17\/","title":{"rendered":"Pozo A-17"},"content":{"rendered":"<div data-elementor-type=\"wp-page\" data-elementor-id=\"1884\" class=\"elementor elementor-1884\" data-elementor-post-type=\"page\">\n\t\t\t\t<div class=\"elementor-element elementor-element-a838e61 e-con-full e-flex e-con e-parent\" data-id=\"a838e61\" data-element_type=\"container\" data-e-type=\"container\" data-settings=\"{&quot;background_background&quot;:&quot;classic&quot;}\">\n\t\t\t\t<div class=\"elementor-element elementor-element-5b38fa7 elementor-widget elementor-widget-heading\" data-id=\"5b38fa7\" data-element_type=\"widget\" data-e-type=\"widget\" data-widget_type=\"heading.default\">\n\t\t\t\t\t<h1 class=\"elementor-heading-title elementor-size-default\">Pozo A-17<\/h1>\t\t\t\t<\/div>\n\t\t\t\t<\/div>\n\t\t<div class=\"elementor-element elementor-element-cc5824a e-flex e-con-boxed e-con e-parent\" data-id=\"cc5824a\" data-element_type=\"container\" data-e-type=\"container\">\n\t\t\t\t\t<div class=\"e-con-inner\">\n\t\t<div class=\"elementor-element elementor-element-1e231b0 e-con-full e-flex e-con e-child\" data-id=\"1e231b0\" data-element_type=\"container\" data-e-type=\"container\">\n\t\t<div class=\"elementor-element elementor-element-b59644c e-con-full e-flex e-con e-child\" data-id=\"b59644c\" data-element_type=\"container\" data-e-type=\"container\">\n\t\t<div class=\"elementor-element elementor-element-d8a8cee e-con-full e-flex e-con e-child\" data-id=\"d8a8cee\" data-element_type=\"container\" data-e-type=\"container\">\n\t\t\t\t<div class=\"elementor-element elementor-element-520157b elementor-widget elementor-widget-heading\" data-id=\"520157b\" data-element_type=\"widget\" data-e-type=\"widget\" data-widget_type=\"heading.default\">\n\t\t\t\t\t<h2 class=\"elementor-heading-title elementor-size-default\">Situaci\u00f3n del Cliente<\/h2>\t\t\t\t<\/div>\n\t\t\t\t<div class=\"elementor-element elementor-element-40ddeb5 elementor-widget-divider--view-line elementor-widget elementor-widget-divider\" data-id=\"40ddeb5\" data-element_type=\"widget\" data-e-type=\"widget\" data-widget_type=\"divider.default\">\n\t\t\t\t\t\t\t<div class=\"elementor-divider\">\n\t\t\t<span class=\"elementor-divider-separator\">\n\t\t\t\t\t\t<\/span>\n\t\t<\/div>\n\t\t\t\t\t\t<\/div>\n\t\t\t\t<div class=\"elementor-element elementor-element-f9e8bfd elementor-widget elementor-widget-text-editor\" data-id=\"f9e8bfd\" data-element_type=\"widget\" data-e-type=\"widget\" data-widget_type=\"text-editor.default\">\n\t\t\t\t\t\t\t\t\t<p>Durante la evaluaci\u00f3n del pozo A-17 (TD: 3,250 m), los registros confirmaron una excelente zona productiva (3,200\u20133,250 m) con:<br \/>Porosidad: 25%<br \/>Saturaci\u00f3n de hidrocarburos: 80%<br \/>Resistividad: 15 ohm\u00b7m<\/p><p>Sin embargo, el Cement Bond Log (CBL) mostr\u00f3 mala adherencia (\u00cdndice de adherencia 0.3) en ese mismo intervalo \u2192 alto riesgo de migraci\u00f3n de gas y p\u00e9rdida de aislamiento.<\/p>\t\t\t\t\t\t\t\t<\/div>\n\t\t\t\t<\/div>\n\t\t<div class=\"elementor-element elementor-element-9f220e4 e-con-full e-flex e-con e-child\" data-id=\"9f220e4\" data-element_type=\"container\" data-e-type=\"container\">\n\t\t\t\t<div class=\"elementor-element elementor-element-e244390 elementor-widget elementor-widget-heading\" data-id=\"e244390\" data-element_type=\"widget\" data-e-type=\"widget\" data-widget_type=\"heading.default\">\n\t\t\t\t\t<h2 class=\"elementor-heading-title elementor-size-default\">Intervenci\u00f3n<\/h2>\t\t\t\t<\/div>\n\t\t\t\t<div class=\"elementor-element elementor-element-07cd00f elementor-widget-divider--view-line elementor-widget elementor-widget-divider\" data-id=\"07cd00f\" data-element_type=\"widget\" data-e-type=\"widget\" data-widget_type=\"divider.default\">\n\t\t\t\t\t\t\t<div class=\"elementor-divider\">\n\t\t\t<span class=\"elementor-divider-separator\">\n\t\t\t\t\t\t<\/span>\n\t\t<\/div>\n\t\t\t\t\t\t<\/div>\n\t\t\t\t<div class=\"elementor-element elementor-element-20f4d78 elementor-widget elementor-widget-text-editor\" data-id=\"20f4d78\" data-element_type=\"widget\" data-e-type=\"widget\" data-widget_type=\"text-editor.default\">\n\t\t\t\t\t\t\t\t\t<p>BJ dise\u00f1\u00f3 y ejecut\u00f3 un squeeze de cemento remedial para restablecer el aislamiento zonal:<\/p><p><strong>Mezcla a la medida:<\/strong> Cemento Clase G + harina de s\u00edlice + aditivos de control de p\u00e9rdida de fluido y control de gas.<br \/><strong>T\u00e9cnica de colocaci\u00f3n:<\/strong> squeeze seccional con packer mec\u00e1nico.<br \/><strong>Verificaci\u00f3n:<\/strong> CBL repetido con \u00cdndice de adherencia &gt; 0.8.<br \/><strong>Seguimiento:<\/strong> Perforaci\u00f3n selectiva (3,200\u20133,250 m) y estimulaci\u00f3n \u00e1cida para mejorar la permeabilidad.<\/p>\t\t\t\t\t\t\t\t<\/div>\n\t\t\t\t<\/div>\n\t\t\t\t<\/div>\n\t\t<div class=\"elementor-element elementor-element-8069314 e-con-full e-flex e-con e-child\" data-id=\"8069314\" data-element_type=\"container\" data-e-type=\"container\">\n\t\t<div class=\"elementor-element elementor-element-3959933 e-con-full e-flex e-con e-child\" data-id=\"3959933\" data-element_type=\"container\" data-e-type=\"container\" data-settings=\"{&quot;background_background&quot;:&quot;classic&quot;}\">\n\t\t\t\t<\/div>\n\t\t\t\t<div class=\"elementor-element elementor-element-81fe267 elementor-align-center elementor-tablet-align-center elementor-widget elementor-widget-button\" data-id=\"81fe267\" data-element_type=\"widget\" data-e-type=\"widget\" data-settings=\"{&quot;_animation&quot;:&quot;none&quot;}\" data-widget_type=\"button.default\">\n\t\t\t\t\t\t\t\t\t\t<a class=\"elementor-button elementor-button-link elementor-size-sm\" href=\"https:\/\/bjtechenergy.com\/es\/contact-us\/\">\n\t\t\t\t\t\t<span class=\"elementor-button-content-wrapper\">\n\t\t\t\t\t\t\t\t\t<span class=\"elementor-button-text\">Cont\u00e1ctanos<\/span>\n\t\t\t\t\t<\/span>\n\t\t\t\t\t<\/a>\n\t\t\t\t\t\t\t\t<\/div>\n\t\t\t\t<\/div>\n\t\t\t\t<\/div>\n\t\t\t\t\t<\/div>\n\t\t\t\t<\/div>\n\t\t<div class=\"elementor-element elementor-element-5fc1b7d e-flex e-con-boxed e-con e-parent\" data-id=\"5fc1b7d\" data-element_type=\"container\" data-e-type=\"container\" data-settings=\"{&quot;background_background&quot;:&quot;classic&quot;}\">\n\t\t\t\t\t<div class=\"e-con-inner\">\n\t\t<div class=\"elementor-element elementor-element-136ecf0 e-con-full e-flex e-con e-child\" data-id=\"136ecf0\" data-element_type=\"container\" data-e-type=\"container\">\n\t\t\t\t<div class=\"elementor-element elementor-element-67e3d85 elementor-widget elementor-widget-heading\" data-id=\"67e3d85\" data-element_type=\"widget\" data-e-type=\"widget\" data-widget_type=\"heading.default\">\n\t\t\t\t\t<h2 class=\"elementor-heading-title elementor-size-default\">Resultados Obtenidos\n<\/h2>\t\t\t\t<\/div>\n\t\t<div class=\"elementor-element elementor-element-3c72d29 e-con-full e-flex e-con e-child\" data-id=\"3c72d29\" data-element_type=\"container\" data-e-type=\"container\">\n\t\t<div class=\"elementor-element elementor-element-49aac42 e-con-full e-flex e-con e-child\" data-id=\"49aac42\" data-element_type=\"container\" data-e-type=\"container\" data-settings=\"{&quot;background_background&quot;:&quot;classic&quot;}\">\n\t\t\t\t<div class=\"elementor-element elementor-element-36e1ba8 elementor-widget elementor-widget-heading\" data-id=\"36e1ba8\" data-element_type=\"widget\" data-e-type=\"widget\" data-widget_type=\"heading.default\">\n\t\t\t\t\t<h3 class=\"elementor-heading-title elementor-size-default\">Integridad del cemento restablecida en toda la zona productiva.\n\n<\/h3>\t\t\t\t<\/div>\n\t\t\t\t<\/div>\n\t\t<div class=\"elementor-element elementor-element-e52e813 e-con-full e-flex e-con e-child\" data-id=\"e52e813\" data-element_type=\"container\" data-e-type=\"container\" data-settings=\"{&quot;background_background&quot;:&quot;classic&quot;}\">\n\t\t\t\t<div class=\"elementor-element elementor-element-04418fa elementor-widget elementor-widget-heading\" data-id=\"04418fa\" data-element_type=\"widget\" data-e-type=\"widget\" data-widget_type=\"heading.default\">\n\t\t\t\t\t<h3 class=\"elementor-heading-title elementor-size-default\">Producci\u00f3n inicial: ~1,650 BOPD (barriles de petr\u00f3leo por d\u00eda), RGA 340 scf\/bbl (pies\u00b3 est\u00e1ndar por barril), corte de agua &lt; 5%.\n\n<\/h3>\t\t\t\t<\/div>\n\t\t\t\t<\/div>\n\t\t<div class=\"elementor-element elementor-element-5cc3d97 e-con-full e-flex e-con e-child\" data-id=\"5cc3d97\" data-element_type=\"container\" data-e-type=\"container\" data-settings=\"{&quot;background_background&quot;:&quot;classic&quot;}\">\n\t\t\t\t<div class=\"elementor-element elementor-element-8d88dba elementor-widget elementor-widget-heading\" data-id=\"8d88dba\" data-element_type=\"widget\" data-e-type=\"widget\" data-widget_type=\"heading.default\">\n\t\t\t\t\t<h3 class=\"elementor-heading-title elementor-size-default\">Sin evidencia de canalizaci\u00f3n ni flujo detr\u00e1s del revestimiento despu\u00e9s de 3 meses.\n<\/h3>\t\t\t\t<\/div>\n\t\t\t\t<\/div>\n\t\t\t\t<\/div>\n\t\t<div class=\"elementor-element elementor-element-16e407d e-con-full e-flex e-con e-child\" data-id=\"16e407d\" data-element_type=\"container\" data-e-type=\"container\">\n\t\t<div class=\"elementor-element elementor-element-43aa058 e-con-full e-flex e-con e-child\" data-id=\"43aa058\" data-element_type=\"container\" data-e-type=\"container\" data-settings=\"{&quot;background_background&quot;:&quot;classic&quot;}\">\n\t\t\t\t<\/div>\n\t\t<div class=\"elementor-element elementor-element-79165c4 e-con-full e-flex e-con e-child\" data-id=\"79165c4\" data-element_type=\"container\" data-e-type=\"container\" data-settings=\"{&quot;background_background&quot;:&quot;classic&quot;}\">\n\t\t\t\t<\/div>\n\t\t\t\t<\/div>\n\t\t\t\t<\/div>\n\t\t\t\t\t<\/div>\n\t\t\t\t<\/div>\n\t\t\t\t<\/div>","protected":false},"excerpt":{"rendered":"<p>Well A-17 Client Situation During evaluation of Well A-17 (TD: 3,250 m), logs confirmed an excellent pay zone (3,200\u20133,250 m) with:Porosity: 25%Hydrocarbon Saturation: 80%Resistivity: 15 ohm-m However, the Cement Bond Log (CBL) showed poor bonding (Bond Index 0.3) across this same interval \u2192 high risk of gas migration and loss of isolation. Intervention BJ designed [&hellip;]<\/p>","protected":false},"author":1,"featured_media":0,"parent":0,"menu_order":0,"comment_status":"closed","ping_status":"closed","template":"","meta":{"footnotes":""},"class_list":["post-1884","page","type-page","status-publish","hentry"],"_hostinger_reach_plugin_has_subscription_block":false,"_hostinger_reach_plugin_is_elementor":false,"_links":{"self":[{"href":"https:\/\/bjtechenergy.com\/es\/wp-json\/wp\/v2\/pages\/1884","targetHints":{"allow":["GET"]}}],"collection":[{"href":"https:\/\/bjtechenergy.com\/es\/wp-json\/wp\/v2\/pages"}],"about":[{"href":"https:\/\/bjtechenergy.com\/es\/wp-json\/wp\/v2\/types\/page"}],"author":[{"embeddable":true,"href":"https:\/\/bjtechenergy.com\/es\/wp-json\/wp\/v2\/users\/1"}],"replies":[{"embeddable":true,"href":"https:\/\/bjtechenergy.com\/es\/wp-json\/wp\/v2\/comments?post=1884"}],"version-history":[{"count":25,"href":"https:\/\/bjtechenergy.com\/es\/wp-json\/wp\/v2\/pages\/1884\/revisions"}],"predecessor-version":[{"id":2843,"href":"https:\/\/bjtechenergy.com\/es\/wp-json\/wp\/v2\/pages\/1884\/revisions\/2843"}],"wp:attachment":[{"href":"https:\/\/bjtechenergy.com\/es\/wp-json\/wp\/v2\/media?parent=1884"}],"curies":[{"name":"wp","href":"https:\/\/api.w.org\/{rel}","templated":true}]}}