{"id":1882,"date":"2025-09-22T16:10:15","date_gmt":"2025-09-22T22:10:15","guid":{"rendered":"https:\/\/bjtechenergy.com\/?page_id=1882"},"modified":"2025-09-30T01:17:39","modified_gmt":"2025-09-30T07:17:39","slug":"offshore-operations","status":"publish","type":"page","link":"https:\/\/bjtechenergy.com\/es\/offshore-operations\/","title":{"rendered":"Operaciones Costa Afuera"},"content":{"rendered":"<div data-elementor-type=\"wp-page\" data-elementor-id=\"1882\" class=\"elementor elementor-1882\" data-elementor-post-type=\"page\">\n\t\t\t\t<div class=\"elementor-element elementor-element-3b903f6 e-con-full e-flex e-con e-parent\" data-id=\"3b903f6\" data-element_type=\"container\" data-e-type=\"container\" data-settings=\"{&quot;background_background&quot;:&quot;classic&quot;}\">\n\t\t\t\t<div class=\"elementor-element elementor-element-2beff3e elementor-widget elementor-widget-heading\" data-id=\"2beff3e\" data-element_type=\"widget\" data-e-type=\"widget\" data-widget_type=\"heading.default\">\n\t\t\t\t\t<h1 class=\"elementor-heading-title elementor-size-default\">Operaciones Costa Afuera<\/h1>\t\t\t\t<\/div>\n\t\t\t\t<\/div>\n\t\t<div class=\"elementor-element elementor-element-62b1fe6 e-flex e-con-boxed e-con e-parent\" data-id=\"62b1fe6\" data-element_type=\"container\" data-e-type=\"container\">\n\t\t\t\t\t<div class=\"e-con-inner\">\n\t\t<div class=\"elementor-element elementor-element-5741093 e-con-full e-flex e-con e-child\" data-id=\"5741093\" data-element_type=\"container\" data-e-type=\"container\">\n\t\t<div class=\"elementor-element elementor-element-ca0f1e9 e-con-full e-flex e-con e-child\" data-id=\"ca0f1e9\" data-element_type=\"container\" data-e-type=\"container\">\n\t\t<div class=\"elementor-element elementor-element-f42d776 e-con-full e-flex e-con e-child\" data-id=\"f42d776\" data-element_type=\"container\" data-e-type=\"container\">\n\t\t\t\t<div class=\"elementor-element elementor-element-c20369b elementor-widget elementor-widget-heading\" data-id=\"c20369b\" data-element_type=\"widget\" data-e-type=\"widget\" data-widget_type=\"heading.default\">\n\t\t\t\t\t<h2 class=\"elementor-heading-title elementor-size-default\">Situaci\u00f3n del Cliente<\/h2>\t\t\t\t<\/div>\n\t\t\t\t<div class=\"elementor-element elementor-element-41ac6da elementor-widget-divider--view-line elementor-widget elementor-widget-divider\" data-id=\"41ac6da\" data-element_type=\"widget\" data-e-type=\"widget\" data-widget_type=\"divider.default\">\n\t\t\t\t\t\t\t<div class=\"elementor-divider\">\n\t\t\t<span class=\"elementor-divider-separator\">\n\t\t\t\t\t\t<\/span>\n\t\t<\/div>\n\t\t\t\t\t\t<\/div>\n\t\t\t\t<div class=\"elementor-element elementor-element-83631b8 elementor-widget elementor-widget-text-editor\" data-id=\"83631b8\" data-element_type=\"widget\" data-e-type=\"widget\" data-widget_type=\"text-editor.default\">\n\t\t\t\t\t\t\t\t\t<p>En 2022, un operador privado en el Golfo de M\u00e9xico enfrentaba problemas recurrentes de integridad de pozo durante operaciones de cementaci\u00f3n en un campo costa afuera maduro. Las mezclas de cemento est\u00e1ndar fallaban bajo alta salinidad y alta temperatura (160 \u00b0C, 12,000 psi), provocando microcanales (micro-annuli), aislamiento zonal deficiente y riesgo de migraci\u00f3n de gas.\nLas consecuencias fueron significativas: hasta 10 d\u00edas de NPT (tiempo no productivo) por pozo y costos anuales &gt; USD 1.5 millones en cementaciones remediales.<\/p>\t\t\t\t\t\t\t\t<\/div>\n\t\t\t\t<\/div>\n\t\t<div class=\"elementor-element elementor-element-6f7388e e-con-full e-flex e-con e-child\" data-id=\"6f7388e\" data-element_type=\"container\" data-e-type=\"container\">\n\t\t\t\t<div class=\"elementor-element elementor-element-05bd7cd elementor-widget elementor-widget-heading\" data-id=\"05bd7cd\" data-element_type=\"widget\" data-e-type=\"widget\" data-widget_type=\"heading.default\">\n\t\t\t\t\t<h2 class=\"elementor-heading-title elementor-size-default\">Intervenci\u00f3n<\/h2>\t\t\t\t<\/div>\n\t\t\t\t<div class=\"elementor-element elementor-element-24cb90a elementor-widget-divider--view-line elementor-widget elementor-widget-divider\" data-id=\"24cb90a\" data-element_type=\"widget\" data-e-type=\"widget\" data-widget_type=\"divider.default\">\n\t\t\t\t\t\t\t<div class=\"elementor-divider\">\n\t\t\t<span class=\"elementor-divider-separator\">\n\t\t\t\t\t\t<\/span>\n\t\t<\/div>\n\t\t\t\t\t\t<\/div>\n\t\t\t\t<div class=\"elementor-element elementor-element-9397d91 elementor-widget elementor-widget-text-editor\" data-id=\"9397d91\" data-element_type=\"widget\" data-e-type=\"widget\" data-widget_type=\"text-editor.default\">\n\t\t\t\t\t\t\t\t\t<p>BJ Tech Energy enfatiz\u00f3 que el \u00e9xito depend\u00eda tanto de la tecnolog\u00eda avanzada como de la colaboraci\u00f3n estrecha con el cliente. Juntos implementamos un enfoque estructurado:<\/p>\n<p><strong>Innovaci\u00f3n de laboratorio<\/strong> Tailored slurry with retarders, fluid-loss additives,&nbsp; salt-resistant extenders.<strong>Resistencia a compresi\u00f3n:<\/strong> &gt;3,000 psi (24 h), &gt;4,500 psi&nbsp;<\/p><p>(48 h)<br>Fluid loss: &lt;50 mL\/30 min<br>Density: 14.2\u201316.0 ppg<br>Rheology: 40\u201350 sec\/qt at 120 \u00b0F<br><strong>Ejecuci\u00f3n en sitio<\/strong>: Real-time monitoring software with sensors<br>and gauges.<br>Pump rates: 2\u20135 bbl\/min<br>Slurry density: 14.5\u201315.5 ppg<br>Displacement: 2,500 bbl drilling fluid<br><strong>Team Integration<\/strong> Engineers worked directly with client team.<br>Safety meetings: 3<br>Monitoring: 24\/7 for 72 h<br>Documentation: 100% operations<\/p>\n<p>Team Integration (Integrity &amp; Collaboration):<br>BJ Tech engineers collaborated directly with the client\u2019s drilling<br>team:<br>Conducted 3 pre-job safety meetings<br>Monitored operations 24\/7 across 72 hours of cementing<br>Documented 100% of operations for transparency and QA<br>purposes<\/p>\t\t\t\t\t\t\t\t<\/div>\n\t\t\t\t<\/div>\n\t\t\t\t<\/div>\n\t\t<div class=\"elementor-element elementor-element-40ba97a e-con-full e-flex e-con e-child\" data-id=\"40ba97a\" data-element_type=\"container\" data-e-type=\"container\">\n\t\t<div class=\"elementor-element elementor-element-a0f077a e-con-full e-flex e-con e-child\" data-id=\"a0f077a\" data-element_type=\"container\" data-e-type=\"container\" data-settings=\"{&quot;background_background&quot;:&quot;classic&quot;}\">\n\t\t\t\t<\/div>\n\t\t\t\t<div class=\"elementor-element elementor-element-1a97f9a elementor-align-center elementor-tablet-align-center elementor-widget elementor-widget-button\" data-id=\"1a97f9a\" data-element_type=\"widget\" data-e-type=\"widget\" data-settings=\"{&quot;_animation&quot;:&quot;none&quot;}\" data-widget_type=\"button.default\">\n\t\t\t\t\t\t\t\t\t\t<a class=\"elementor-button elementor-button-link elementor-size-sm\" href=\"https:\/\/bjtechenergy.com\/es\/contact-us\/\">\n\t\t\t\t\t\t<span class=\"elementor-button-content-wrapper\">\n\t\t\t\t\t\t\t\t\t<span class=\"elementor-button-text\">Cont\u00e1ctanos<\/span>\n\t\t\t\t\t<\/span>\n\t\t\t\t\t<\/a>\n\t\t\t\t\t\t\t\t<\/div>\n\t\t\t\t<\/div>\n\t\t\t\t<\/div>\n\t\t\t\t\t<\/div>\n\t\t\t\t<\/div>\n\t\t<div class=\"elementor-element elementor-element-ea6674b e-flex e-con-boxed e-con e-parent\" data-id=\"ea6674b\" data-element_type=\"container\" data-e-type=\"container\" data-settings=\"{&quot;background_background&quot;:&quot;classic&quot;}\">\n\t\t\t\t\t<div class=\"e-con-inner\">\n\t\t<div class=\"elementor-element elementor-element-dd362db e-con-full e-flex e-con e-child\" data-id=\"dd362db\" data-element_type=\"container\" data-e-type=\"container\">\n\t\t\t\t<div class=\"elementor-element elementor-element-c0c6ebb elementor-widget elementor-widget-heading\" data-id=\"c0c6ebb\" data-element_type=\"widget\" data-e-type=\"widget\" data-widget_type=\"heading.default\">\n\t\t\t\t\t<h2 class=\"elementor-heading-title elementor-size-default\">Resultados Obtenidos\n<\/h2>\t\t\t\t<\/div>\n\t\t<div class=\"elementor-element elementor-element-af7dd86 e-con-full e-flex e-con e-child\" data-id=\"af7dd86\" data-element_type=\"container\" data-e-type=\"container\">\n\t\t<div class=\"elementor-element elementor-element-26f6104 e-con-full e-flex e-con e-child\" data-id=\"26f6104\" data-element_type=\"container\" data-e-type=\"container\" data-settings=\"{&quot;background_background&quot;:&quot;classic&quot;}\">\n\t\t\t\t<div class=\"elementor-element elementor-element-4c2a916 elementor-widget elementor-widget-heading\" data-id=\"4c2a916\" data-element_type=\"widget\" data-e-type=\"widget\" data-widget_type=\"heading.default\">\n\t\t\t\t\t<h3 class=\"elementor-heading-title elementor-size-default\">Cero fallas de cementaci\u00f3n en 6 pozos.\n<\/h3>\t\t\t\t<\/div>\n\t\t\t\t<\/div>\n\t\t<div class=\"elementor-element elementor-element-5d470a8 e-con-full e-flex e-con e-child\" data-id=\"5d470a8\" data-element_type=\"container\" data-e-type=\"container\" data-settings=\"{&quot;background_background&quot;:&quot;classic&quot;}\">\n\t\t\t\t<div class=\"elementor-element elementor-element-e85a036 elementor-widget elementor-widget-heading\" data-id=\"e85a036\" data-element_type=\"widget\" data-e-type=\"widget\" data-widget_type=\"heading.default\">\n\t\t\t\t\t<h3 class=\"elementor-heading-title elementor-size-default\">Sin trabajos de squeeze remedial, ahorrando ~USD 250,000 por pozo.\n\n<\/h3>\t\t\t\t<\/div>\n\t\t\t\t<\/div>\n\t\t<div class=\"elementor-element elementor-element-1161b9a e-con-full e-flex e-con e-child\" data-id=\"1161b9a\" data-element_type=\"container\" data-e-type=\"container\" data-settings=\"{&quot;background_background&quot;:&quot;classic&quot;}\">\n\t\t\t\t<div class=\"elementor-element elementor-element-59aba03 elementor-widget elementor-widget-heading\" data-id=\"59aba03\" data-element_type=\"widget\" data-e-type=\"widget\" data-widget_type=\"heading.default\">\n\t\t\t\t\t<h3 class=\"elementor-heading-title elementor-size-default\">Reducci\u00f3n del NPT del 35 %, ~USD 4.5 millones ahorrados.\n\n<\/h3>\t\t\t\t<\/div>\n\t\t\t\t<\/div>\n\t\t<div class=\"elementor-element elementor-element-78a0d8c e-con-full e-flex e-con e-child\" data-id=\"78a0d8c\" data-element_type=\"container\" data-e-type=\"container\" data-settings=\"{&quot;background_background&quot;:&quot;classic&quot;}\">\n\t\t\t\t<div class=\"elementor-element elementor-element-d683f3e elementor-widget elementor-widget-heading\" data-id=\"d683f3e\" data-element_type=\"widget\" data-e-type=\"widget\" data-widget_type=\"heading.default\">\n\t\t\t\t\t<h3 class=\"elementor-heading-title elementor-size-default\">Cero incidentes de seguridad, reforzando la reputaci\u00f3n de BJ Tech.\n<\/h3>\t\t\t\t<\/div>\n\t\t\t\t<\/div>\n\t\t\t\t<\/div>\n\t\t<div class=\"elementor-element elementor-element-545f368 e-con-full e-flex e-con e-child\" data-id=\"545f368\" data-element_type=\"container\" data-e-type=\"container\">\n\t\t<div class=\"elementor-element elementor-element-487e11e e-con-full e-flex e-con e-child\" data-id=\"487e11e\" data-element_type=\"container\" data-e-type=\"container\">\n\t\t\t\t<div class=\"elementor-element elementor-element-62a2c60 elementor-widget elementor-widget-heading\" data-id=\"62a2c60\" data-element_type=\"widget\" data-e-type=\"widget\" data-widget_type=\"heading.default\">\n\t\t\t\t\t<h2 class=\"elementor-heading-title elementor-size-default\">Resultado estrat\u00e9gico\n<\/h2>\t\t\t\t<\/div>\n\t\t\t\t<div class=\"elementor-element elementor-element-ba9e041 elementor-widget-divider--view-line elementor-widget elementor-widget-divider\" data-id=\"ba9e041\" data-element_type=\"widget\" data-e-type=\"widget\" data-widget_type=\"divider.default\">\n\t\t\t\t\t\t\t<div class=\"elementor-divider\">\n\t\t\t<span class=\"elementor-divider-separator\">\n\t\t\t\t\t\t<\/span>\n\t\t<\/div>\n\t\t\t\t\t\t<\/div>\n\t\t\t\t<div class=\"elementor-element elementor-element-e3f31f0 elementor-widget elementor-widget-text-editor\" data-id=\"e3f31f0\" data-element_type=\"widget\" data-e-type=\"widget\" data-widget_type=\"text-editor.default\">\n\t\t\t\t\t\t\t\t\t<p>El proyecto pas\u00f3 de un solo encargo a una asociaci\u00f3n de largo plazo que cubre 20+ pozos costa afuera, posicionando a BJ Tech Energy como un socio confiable, innovador y orientado a la seguridad.<\/p>\t\t\t\t\t\t\t\t<\/div>\n\t\t\t\t<\/div>\n\t\t<div class=\"elementor-element elementor-element-7b9baac e-con-full e-flex e-con e-child\" data-id=\"7b9baac\" data-element_type=\"container\" data-e-type=\"container\" data-settings=\"{&quot;background_background&quot;:&quot;classic&quot;}\">\n\t\t\t\t<\/div>\n\t\t\t\t<\/div>\n\t\t\t\t<\/div>\n\t\t\t\t\t<\/div>\n\t\t\t\t<\/div>\n\t\t\t\t<\/div>","protected":false},"excerpt":{"rendered":"<p>Offshore Operations Client Situation In 2022, a private operator in the Gulf of Mexico was facing repeated well integrity issues during cementing operations in a mature offshore field. Standard cement blends were failing under highsalinity\u00a0and high-temperature conditions (160\u00b0C, 12,000 psi), leading to micro-annuli formation, poor zonal isolation, and gas migration risks. The consequences were significant: [&hellip;]<\/p>","protected":false},"author":1,"featured_media":0,"parent":0,"menu_order":0,"comment_status":"closed","ping_status":"closed","template":"","meta":{"footnotes":""},"class_list":["post-1882","page","type-page","status-publish","hentry"],"_hostinger_reach_plugin_has_subscription_block":false,"_hostinger_reach_plugin_is_elementor":false,"_links":{"self":[{"href":"https:\/\/bjtechenergy.com\/es\/wp-json\/wp\/v2\/pages\/1882","targetHints":{"allow":["GET"]}}],"collection":[{"href":"https:\/\/bjtechenergy.com\/es\/wp-json\/wp\/v2\/pages"}],"about":[{"href":"https:\/\/bjtechenergy.com\/es\/wp-json\/wp\/v2\/types\/page"}],"author":[{"embeddable":true,"href":"https:\/\/bjtechenergy.com\/es\/wp-json\/wp\/v2\/users\/1"}],"replies":[{"embeddable":true,"href":"https:\/\/bjtechenergy.com\/es\/wp-json\/wp\/v2\/comments?post=1882"}],"version-history":[{"count":92,"href":"https:\/\/bjtechenergy.com\/es\/wp-json\/wp\/v2\/pages\/1882\/revisions"}],"predecessor-version":[{"id":3374,"href":"https:\/\/bjtechenergy.com\/es\/wp-json\/wp\/v2\/pages\/1882\/revisions\/3374"}],"wp:attachment":[{"href":"https:\/\/bjtechenergy.com\/es\/wp-json\/wp\/v2\/media?parent=1882"}],"curies":[{"name":"wp","href":"https:\/\/api.w.org\/{rel}","templated":true}]}}